{"id":6448,"date":"2020-11-23T08:42:13","date_gmt":"2020-11-23T06:42:13","guid":{"rendered":"https:\/\/www.prodex.lv\/?page_id=6448"},"modified":"2023-03-09T12:59:55","modified_gmt":"2023-03-09T10:59:55","slug":"privatuma-politika","status":"publish","type":"page","link":"https:\/\/www.prodex.lv\/lt\/privatuma-politika\/","title":{"rendered":"Decco Centrs priv\u0101tuma politika"},"content":{"rendered":"<p class=\"qtranxs-available-languages-message qtranxs-available-languages-message-lt\">Atsipra\u0161ome, \u0161is puslapis galimas tik <a href=\"https:\/\/www.prodex.lv\/lv\/wp-json\/wp\/v2\/pages\/6448\" class=\"qtranxs-available-language-link qtranxs-available-language-link-lv\" title=\"Latvie\u0161u\">Latvie\u0161u<\/a> ir <a href=\"https:\/\/www.prodex.lv\/en\/wp-json\/wp\/v2\/pages\/6448\" class=\"qtranxs-available-language-link qtranxs-available-language-link-en\" title=\"English\">English<\/a>.<\/p>","protected":false},"excerpt":{"rendered":"<p>Atsipra\u0161ome, \u0161is puslapis galimas tik Latvie\u0161u ir English.<\/p>\n","protected":false},"author":1,"featured_media":0,"parent":0,"menu_order":4,"comment_status":"closed","ping_status":"closed","template":"","meta":{"_acf_changed":false,"footnotes":""},"class_list":["post-6448","page","type-page","status-publish","hentry"],"acf":[],"yoast_head":"<!-- This site is optimized with the Yoast SEO plugin v26.8 - https:\/\/yoast.com\/product\/yoast-seo-wordpress\/ -->\n<title>Decco Centrs priv\u0101tuma politika - Prodex<\/title>\n<meta name=\"description\" content=\"Priv\u0101tuma politika interneta vietnei www.prodex.lv.\" \/>\n<meta name=\"robots\" content=\"index, follow, max-snippet:-1, max-image-preview:large, max-video-preview:-1\" \/>\n<link rel=\"canonical\" href=\"https:\/\/www.prodex.lv\/lt\/privatuma-politika\/\" \/>\n<meta property=\"og:locale\" content=\"lt_LT\" \/>\n<meta property=\"og:type\" content=\"article\" \/>\n<meta property=\"og:title\" content=\"Decco Centrs priv\u0101tuma politika - Prodex\" \/>\n<meta property=\"og:description\" content=\"Priv\u0101tuma politika interneta vietnei www.prodex.lv.\" \/>\n<meta property=\"og:url\" content=\"https:\/\/www.prodex.lv\/lt\/privatuma-politika\/\" \/>\n<meta property=\"og:site_name\" content=\"Prodex\" \/>\n<meta property=\"article:modified_time\" content=\"2023-03-09T10:59:55+00:00\" \/>\n<meta name=\"twitter:card\" content=\"summary_large_image\" \/>\n<meta name=\"twitter:label1\" content=\"Est. reading time\" \/>\n\t<meta name=\"twitter:data1\" content=\"10 minu\u010di\u0173\" \/>\n<script type=\"application\/ld+json\" class=\"yoast-schema-graph\">{\"@context\":\"https:\/\/schema.org\",\"@graph\":[{\"@type\":\"WebPage\",\"@id\":\"https:\/\/www.prodex.lv\/lt\/privatuma-politika\/\",\"url\":\"https:\/\/www.prodex.lv\/lt\/privatuma-politika\/\",\"name\":\"Decco Centrs priv\u0101tuma politika - Prodex\",\"isPartOf\":{\"@id\":\"https:\/\/www.prodex.lv\/lt\/#website\"},\"datePublished\":\"2020-11-23T06:42:13+00:00\",\"dateModified\":\"2023-03-09T10:59:55+00:00\",\"description\":\"Priv\u0101tuma politika interneta vietnei www.prodex.lv.\",\"breadcrumb\":{\"@id\":\"https:\/\/www.prodex.lv\/lt\/privatuma-politika\/#breadcrumb\"},\"inLanguage\":\"lt-LT\",\"potentialAction\":[{\"@type\":\"ReadAction\",\"target\":[[\"https:\/\/www.prodex.lv\/lt\/privatuma-politika\/\"]]}]},{\"@type\":\"BreadcrumbList\",\"@id\":\"https:\/\/www.prodex.lv\/lt\/privatuma-politika\/#breadcrumb\",\"itemListElement\":[{\"@type\":\"ListItem\",\"position\":1,\"name\":\"Home\",\"item\":\"https:\/\/www.prodex.lv\/lt\/\"},{\"@type\":\"ListItem\",\"position\":2,\"name\":\"Decco Centrs priv\u0101tuma politika\"}]},{\"@type\":\"WebSite\",\"@id\":\"https:\/\/www.prodex.lv\/lt\/#website\",\"url\":\"https:\/\/www.prodex.lv\/lt\/\",\"name\":\"Prodex\",\"description\":\"\",\"potentialAction\":[{\"@type\":\"SearchAction\",\"target\":{\"@type\":\"EntryPoint\",\"urlTemplate\":\"https:\/\/www.prodex.lv\/lt\/?s={search_term_string}\"},\"query-input\":{\"@type\":\"PropertyValueSpecification\",\"valueRequired\":true,\"valueName\":\"search_term_string\"}}],\"inLanguage\":\"lt-LT\"}]}<\/script>\n<!-- \/ Yoast SEO plugin. -->","yoast_head_json":{"title":"Decco Centrs priv\u0101tuma politika - Prodex","description":"Priv\u0101tuma politika interneta vietnei www.prodex.lv.","robots":{"index":"index","follow":"follow","max-snippet":"max-snippet:-1","max-image-preview":"max-image-preview:large","max-video-preview":"max-video-preview:-1"},"canonical":"https:\/\/www.prodex.lv\/lt\/privatuma-politika\/","og_locale":"lt_LT","og_type":"article","og_title":"Decco Centrs priv\u0101tuma politika - Prodex","og_description":"Priv\u0101tuma politika interneta vietnei www.prodex.lv.","og_url":"https:\/\/www.prodex.lv\/lt\/privatuma-politika\/","og_site_name":"Prodex","article_modified_time":"2023-03-09T10:59:55+00:00","twitter_card":"summary_large_image","twitter_misc":{"Est. reading time":"10 minu\u010di\u0173"},"schema":{"@context":"https:\/\/schema.org","@graph":[{"@type":"WebPage","@id":"https:\/\/www.prodex.lv\/lt\/privatuma-politika\/","url":"https:\/\/www.prodex.lv\/lt\/privatuma-politika\/","name":"Decco Centrs priv\u0101tuma politika - Prodex","isPartOf":{"@id":"https:\/\/www.prodex.lv\/lt\/#website"},"datePublished":"2020-11-23T06:42:13+00:00","dateModified":"2023-03-09T10:59:55+00:00","description":"Priv\u0101tuma politika interneta vietnei www.prodex.lv.","breadcrumb":{"@id":"https:\/\/www.prodex.lv\/lt\/privatuma-politika\/#breadcrumb"},"inLanguage":"lt-LT","potentialAction":[{"@type":"ReadAction","target":[["https:\/\/www.prodex.lv\/lt\/privatuma-politika\/"]]}]},{"@type":"BreadcrumbList","@id":"https:\/\/www.prodex.lv\/lt\/privatuma-politika\/#breadcrumb","itemListElement":[{"@type":"ListItem","position":1,"name":"Home","item":"https:\/\/www.prodex.lv\/lt\/"},{"@type":"ListItem","position":2,"name":"Decco Centrs priv\u0101tuma politika"}]},{"@type":"WebSite","@id":"https:\/\/www.prodex.lv\/lt\/#website","url":"https:\/\/www.prodex.lv\/lt\/","name":"Prodex","description":"","potentialAction":[{"@type":"SearchAction","target":{"@type":"EntryPoint","urlTemplate":"https:\/\/www.prodex.lv\/lt\/?s={search_term_string}"},"query-input":{"@type":"PropertyValueSpecification","valueRequired":true,"valueName":"search_term_string"}}],"inLanguage":"lt-LT"}]}},"_links":{"self":[{"href":"https:\/\/www.prodex.lv\/lt\/wp-json\/wp\/v2\/pages\/6448","targetHints":{"allow":["GET"]}}],"collection":[{"href":"https:\/\/www.prodex.lv\/lt\/wp-json\/wp\/v2\/pages"}],"about":[{"href":"https:\/\/www.prodex.lv\/lt\/wp-json\/wp\/v2\/types\/page"}],"author":[{"embeddable":true,"href":"https:\/\/www.prodex.lv\/lt\/wp-json\/wp\/v2\/users\/1"}],"replies":[{"embeddable":true,"href":"https:\/\/www.prodex.lv\/lt\/wp-json\/wp\/v2\/comments?post=6448"}],"version-history":[{"count":0,"href":"https:\/\/www.prodex.lv\/lt\/wp-json\/wp\/v2\/pages\/6448\/revisions"}],"wp:attachment":[{"href":"https:\/\/www.prodex.lv\/lt\/wp-json\/wp\/v2\/media?parent=6448"}],"curies":[{"name":"wp","href":"https:\/\/api.w.org\/{rel}","templated":true}]}}