{"id":6007,"date":"2020-10-01T18:26:02","date_gmt":"2020-10-01T15:26:02","guid":{"rendered":"https:\/\/www.prodex.lv\/?page_id=6007"},"modified":"2025-05-28T10:43:51","modified_gmt":"2025-05-28T07:43:51","slug":"noderigi","status":"publish","type":"page","link":"https:\/\/www.prodex.lv\/lt\/noderigi\/","title":{"rendered":"Noder\u012bgi"},"content":{"rendered":"","protected":false},"excerpt":{"rendered":"","protected":false},"author":1,"featured_media":0,"parent":0,"menu_order":5,"comment_status":"closed","ping_status":"closed","template":"katalogs.php","meta":{"_acf_changed":false,"footnotes":""},"class_list":["post-6007","page","type-page","status-publish","hentry"],"acf":[],"yoast_head":"<!-- This site is optimized with the Yoast SEO plugin v26.8 - https:\/\/yoast.com\/product\/yoast-seo-wordpress\/ -->\n<title>Noder\u012bga inform\u0101cija | Failu lejupiel\u0101des | PRODEX<\/title>\n<meta name=\"description\" content=\"Kam piev\u0113rst uzman\u012bbu, izv\u0113loties durvis un k\u0101 pareizi nom\u0113r\u012bt eso\u0161\u0101s ailes? Ien\u0101c m\u016bsu m\u0101jaslapas sada\u013c\u0101 un uzzini noder\u012bgu inform\u0101ciju!\" \/>\n<meta name=\"robots\" content=\"index, follow, max-snippet:-1, max-image-preview:large, max-video-preview:-1\" \/>\n<link rel=\"canonical\" href=\"https:\/\/www.prodex.lv\/lt\/noderigi\/\" \/>\n<meta property=\"og:locale\" content=\"lt_LT\" \/>\n<meta property=\"og:type\" content=\"article\" \/>\n<meta property=\"og:title\" content=\"Noder\u012bga inform\u0101cija | Failu lejupiel\u0101des | PRODEX\" \/>\n<meta property=\"og:description\" content=\"Kam piev\u0113rst uzman\u012bbu, izv\u0113loties durvis un k\u0101 pareizi nom\u0113r\u012bt eso\u0161\u0101s ailes? Ien\u0101c m\u016bsu m\u0101jaslapas sada\u013c\u0101 un uzzini noder\u012bgu inform\u0101ciju!\" \/>\n<meta property=\"og:url\" content=\"https:\/\/www.prodex.lv\/lt\/noderigi\/\" \/>\n<meta property=\"og:site_name\" content=\"Prodex\" \/>\n<meta property=\"article:modified_time\" content=\"2025-05-28T07:43:51+00:00\" \/>\n<meta name=\"twitter:card\" content=\"summary_large_image\" \/>\n<script type=\"application\/ld+json\" class=\"yoast-schema-graph\">{\"@context\":\"https:\/\/schema.org\",\"@graph\":[{\"@type\":\"WebPage\",\"@id\":\"https:\/\/www.prodex.lv\/lt\/noderigi\/\",\"url\":\"https:\/\/www.prodex.lv\/lt\/noderigi\/\",\"name\":\"Noder\u012bga inform\u0101cija | Failu lejupiel\u0101des | PRODEX\",\"isPartOf\":{\"@id\":\"https:\/\/www.prodex.lv\/lt\/#website\"},\"datePublished\":\"2020-10-01T15:26:02+00:00\",\"dateModified\":\"2025-05-28T07:43:51+00:00\",\"description\":\"Kam piev\u0113rst uzman\u012bbu, izv\u0113loties durvis un k\u0101 pareizi nom\u0113r\u012bt eso\u0161\u0101s ailes? Ien\u0101c m\u016bsu m\u0101jaslapas sada\u013c\u0101 un uzzini noder\u012bgu inform\u0101ciju!\",\"breadcrumb\":{\"@id\":\"https:\/\/www.prodex.lv\/lt\/noderigi\/#breadcrumb\"},\"inLanguage\":\"lt-LT\",\"potentialAction\":[{\"@type\":\"ReadAction\",\"target\":[[\"https:\/\/www.prodex.lv\/lt\/noderigi\/\"]]}]},{\"@type\":\"BreadcrumbList\",\"@id\":\"https:\/\/www.prodex.lv\/lt\/noderigi\/#breadcrumb\",\"itemListElement\":[{\"@type\":\"ListItem\",\"position\":1,\"name\":\"Home\",\"item\":\"https:\/\/www.prodex.lv\/lt\/\"},{\"@type\":\"ListItem\",\"position\":2,\"name\":\"Noder\u012bgi\"}]},{\"@type\":\"WebSite\",\"@id\":\"https:\/\/www.prodex.lv\/lt\/#website\",\"url\":\"https:\/\/www.prodex.lv\/lt\/\",\"name\":\"Prodex\",\"description\":\"\",\"potentialAction\":[{\"@type\":\"SearchAction\",\"target\":{\"@type\":\"EntryPoint\",\"urlTemplate\":\"https:\/\/www.prodex.lv\/lt\/?s={search_term_string}\"},\"query-input\":{\"@type\":\"PropertyValueSpecification\",\"valueRequired\":true,\"valueName\":\"search_term_string\"}}],\"inLanguage\":\"lt-LT\"}]}<\/script>\n<!-- \/ Yoast SEO plugin. -->","yoast_head_json":{"title":"Noder\u012bga inform\u0101cija | Failu lejupiel\u0101des | PRODEX","description":"Kam piev\u0113rst uzman\u012bbu, izv\u0113loties durvis un k\u0101 pareizi nom\u0113r\u012bt eso\u0161\u0101s ailes? Ien\u0101c m\u016bsu m\u0101jaslapas sada\u013c\u0101 un uzzini noder\u012bgu inform\u0101ciju!","robots":{"index":"index","follow":"follow","max-snippet":"max-snippet:-1","max-image-preview":"max-image-preview:large","max-video-preview":"max-video-preview:-1"},"canonical":"https:\/\/www.prodex.lv\/lt\/noderigi\/","og_locale":"lt_LT","og_type":"article","og_title":"Noder\u012bga inform\u0101cija | Failu lejupiel\u0101des | PRODEX","og_description":"Kam piev\u0113rst uzman\u012bbu, izv\u0113loties durvis un k\u0101 pareizi nom\u0113r\u012bt eso\u0161\u0101s ailes? Ien\u0101c m\u016bsu m\u0101jaslapas sada\u013c\u0101 un uzzini noder\u012bgu inform\u0101ciju!","og_url":"https:\/\/www.prodex.lv\/lt\/noderigi\/","og_site_name":"Prodex","article_modified_time":"2025-05-28T07:43:51+00:00","twitter_card":"summary_large_image","schema":{"@context":"https:\/\/schema.org","@graph":[{"@type":"WebPage","@id":"https:\/\/www.prodex.lv\/lt\/noderigi\/","url":"https:\/\/www.prodex.lv\/lt\/noderigi\/","name":"Noder\u012bga inform\u0101cija | Failu lejupiel\u0101des | PRODEX","isPartOf":{"@id":"https:\/\/www.prodex.lv\/lt\/#website"},"datePublished":"2020-10-01T15:26:02+00:00","dateModified":"2025-05-28T07:43:51+00:00","description":"Kam piev\u0113rst uzman\u012bbu, izv\u0113loties durvis un k\u0101 pareizi nom\u0113r\u012bt eso\u0161\u0101s ailes? Ien\u0101c m\u016bsu m\u0101jaslapas sada\u013c\u0101 un uzzini noder\u012bgu inform\u0101ciju!","breadcrumb":{"@id":"https:\/\/www.prodex.lv\/lt\/noderigi\/#breadcrumb"},"inLanguage":"lt-LT","potentialAction":[{"@type":"ReadAction","target":[["https:\/\/www.prodex.lv\/lt\/noderigi\/"]]}]},{"@type":"BreadcrumbList","@id":"https:\/\/www.prodex.lv\/lt\/noderigi\/#breadcrumb","itemListElement":[{"@type":"ListItem","position":1,"name":"Home","item":"https:\/\/www.prodex.lv\/lt\/"},{"@type":"ListItem","position":2,"name":"Noder\u012bgi"}]},{"@type":"WebSite","@id":"https:\/\/www.prodex.lv\/lt\/#website","url":"https:\/\/www.prodex.lv\/lt\/","name":"Prodex","description":"","potentialAction":[{"@type":"SearchAction","target":{"@type":"EntryPoint","urlTemplate":"https:\/\/www.prodex.lv\/lt\/?s={search_term_string}"},"query-input":{"@type":"PropertyValueSpecification","valueRequired":true,"valueName":"search_term_string"}}],"inLanguage":"lt-LT"}]}},"_links":{"self":[{"href":"https:\/\/www.prodex.lv\/lt\/wp-json\/wp\/v2\/pages\/6007","targetHints":{"allow":["GET"]}}],"collection":[{"href":"https:\/\/www.prodex.lv\/lt\/wp-json\/wp\/v2\/pages"}],"about":[{"href":"https:\/\/www.prodex.lv\/lt\/wp-json\/wp\/v2\/types\/page"}],"author":[{"embeddable":true,"href":"https:\/\/www.prodex.lv\/lt\/wp-json\/wp\/v2\/users\/1"}],"replies":[{"embeddable":true,"href":"https:\/\/www.prodex.lv\/lt\/wp-json\/wp\/v2\/comments?post=6007"}],"version-history":[{"count":1,"href":"https:\/\/www.prodex.lv\/lt\/wp-json\/wp\/v2\/pages\/6007\/revisions"}],"predecessor-version":[{"id":12446,"href":"https:\/\/www.prodex.lv\/lt\/wp-json\/wp\/v2\/pages\/6007\/revisions\/12446"}],"wp:attachment":[{"href":"https:\/\/www.prodex.lv\/lt\/wp-json\/wp\/v2\/media?parent=6007"}],"curies":[{"name":"wp","href":"https:\/\/api.w.org\/{rel}","templated":true}]}}