{"id":19,"date":"2016-10-24T13:47:42","date_gmt":"2016-10-24T10:47:42","guid":{"rendered":"https:\/\/www.prodex.lv\/?page_id=19"},"modified":"2025-05-28T17:00:00","modified_gmt":"2025-05-28T14:00:00","slug":"katalogs","status":"publish","type":"page","link":"https:\/\/www.prodex.lv\/et\/katalogs\/","title":{"rendered":"Katalogs"},"content":{"rendered":"<p class=\"qtranxs-available-languages-message qtranxs-available-languages-message-et\">Vabandame, see kanne on saadaval ainult %LANG : ja %.<\/p>","protected":false},"excerpt":{"rendered":"","protected":false},"author":1,"featured_media":0,"parent":0,"menu_order":9,"comment_status":"closed","ping_status":"closed","template":"katalogs.php","meta":{"_acf_changed":false,"footnotes":""},"class_list":["post-19","page","type-page","status-publish","hentry"],"acf":[],"yoast_head":"<!-- This site is optimized with the Yoast SEO plugin v26.8 - https:\/\/yoast.com\/product\/yoast-seo-wordpress\/ -->\n<title>Durvju katalogs 2023 | PRODEX - profesion\u0101li durvju eksperti<\/title>\n<meta name=\"description\" content=\"Apl\u016bko m\u016bsu jaun\u0101ko durvju katalogu, kas sniegs ieskatu durvju dizaina un to elementu vari\u0101cij\u0101s. Atrodi savas ide\u0101l\u0101s durvis \u0161eit!\" \/>\n<meta name=\"robots\" content=\"index, follow, max-snippet:-1, max-image-preview:large, max-video-preview:-1\" \/>\n<link rel=\"canonical\" href=\"https:\/\/www.prodex.lv\/et\/katalogs\/\" \/>\n<meta property=\"og:locale\" content=\"et_EE\" \/>\n<meta property=\"og:type\" content=\"article\" \/>\n<meta property=\"og:title\" content=\"Durvju katalogs 2023 | PRODEX - profesion\u0101li durvju eksperti\" \/>\n<meta property=\"og:description\" content=\"Apl\u016bko m\u016bsu jaun\u0101ko durvju katalogu, kas sniegs ieskatu durvju dizaina un to elementu vari\u0101cij\u0101s. Atrodi savas ide\u0101l\u0101s durvis \u0161eit!\" \/>\n<meta property=\"og:url\" content=\"https:\/\/www.prodex.lv\/et\/katalogs\/\" \/>\n<meta property=\"og:site_name\" content=\"Prodex\" \/>\n<meta property=\"article:modified_time\" content=\"2025-05-28T14:00:00+00:00\" \/>\n<meta name=\"twitter:card\" content=\"summary_large_image\" \/>\n<meta name=\"twitter:label1\" content=\"Est. reading time\" \/>\n\t<meta name=\"twitter:data1\" content=\"1 minut\" \/>\n<script type=\"application\/ld+json\" class=\"yoast-schema-graph\">{\"@context\":\"https:\/\/schema.org\",\"@graph\":[{\"@type\":\"WebPage\",\"@id\":\"https:\/\/www.prodex.lv\/et\/katalogs\/\",\"url\":\"https:\/\/www.prodex.lv\/et\/katalogs\/\",\"name\":\"Durvju katalogs 2023 | PRODEX - profesion\u0101li durvju eksperti\",\"isPartOf\":{\"@id\":\"https:\/\/www.prodex.lv\/et\/#website\"},\"datePublished\":\"2016-10-24T10:47:42+00:00\",\"dateModified\":\"2025-05-28T14:00:00+00:00\",\"description\":\"Apl\u016bko m\u016bsu jaun\u0101ko durvju katalogu, kas sniegs ieskatu durvju dizaina un to elementu vari\u0101cij\u0101s. Atrodi savas ide\u0101l\u0101s durvis \u0161eit!\",\"breadcrumb\":{\"@id\":\"https:\/\/www.prodex.lv\/et\/katalogs\/#breadcrumb\"},\"inLanguage\":\"et\",\"potentialAction\":[{\"@type\":\"ReadAction\",\"target\":[[\"https:\/\/www.prodex.lv\/et\/katalogs\/\"]]}]},{\"@type\":\"BreadcrumbList\",\"@id\":\"https:\/\/www.prodex.lv\/et\/katalogs\/#breadcrumb\",\"itemListElement\":[{\"@type\":\"ListItem\",\"position\":1,\"name\":\"Home\",\"item\":\"https:\/\/www.prodex.lv\/et\/\"},{\"@type\":\"ListItem\",\"position\":2,\"name\":\"Katalogs\"}]},{\"@type\":\"WebSite\",\"@id\":\"https:\/\/www.prodex.lv\/et\/#website\",\"url\":\"https:\/\/www.prodex.lv\/et\/\",\"name\":\"Prodex\",\"description\":\"\",\"potentialAction\":[{\"@type\":\"SearchAction\",\"target\":{\"@type\":\"EntryPoint\",\"urlTemplate\":\"https:\/\/www.prodex.lv\/et\/?s={search_term_string}\"},\"query-input\":{\"@type\":\"PropertyValueSpecification\",\"valueRequired\":true,\"valueName\":\"search_term_string\"}}],\"inLanguage\":\"et\"}]}<\/script>\n<!-- \/ Yoast SEO plugin. -->","yoast_head_json":{"title":"Durvju katalogs 2023 | PRODEX - profesion\u0101li durvju eksperti","description":"Apl\u016bko m\u016bsu jaun\u0101ko durvju katalogu, kas sniegs ieskatu durvju dizaina un to elementu vari\u0101cij\u0101s. Atrodi savas ide\u0101l\u0101s durvis \u0161eit!","robots":{"index":"index","follow":"follow","max-snippet":"max-snippet:-1","max-image-preview":"max-image-preview:large","max-video-preview":"max-video-preview:-1"},"canonical":"https:\/\/www.prodex.lv\/et\/katalogs\/","og_locale":"et_EE","og_type":"article","og_title":"Durvju katalogs 2023 | PRODEX - profesion\u0101li durvju eksperti","og_description":"Apl\u016bko m\u016bsu jaun\u0101ko durvju katalogu, kas sniegs ieskatu durvju dizaina un to elementu vari\u0101cij\u0101s. Atrodi savas ide\u0101l\u0101s durvis \u0161eit!","og_url":"https:\/\/www.prodex.lv\/et\/katalogs\/","og_site_name":"Prodex","article_modified_time":"2025-05-28T14:00:00+00:00","twitter_card":"summary_large_image","twitter_misc":{"Est. reading time":"1 minut"},"schema":{"@context":"https:\/\/schema.org","@graph":[{"@type":"WebPage","@id":"https:\/\/www.prodex.lv\/et\/katalogs\/","url":"https:\/\/www.prodex.lv\/et\/katalogs\/","name":"Durvju katalogs 2023 | PRODEX - profesion\u0101li durvju eksperti","isPartOf":{"@id":"https:\/\/www.prodex.lv\/et\/#website"},"datePublished":"2016-10-24T10:47:42+00:00","dateModified":"2025-05-28T14:00:00+00:00","description":"Apl\u016bko m\u016bsu jaun\u0101ko durvju katalogu, kas sniegs ieskatu durvju dizaina un to elementu vari\u0101cij\u0101s. Atrodi savas ide\u0101l\u0101s durvis \u0161eit!","breadcrumb":{"@id":"https:\/\/www.prodex.lv\/et\/katalogs\/#breadcrumb"},"inLanguage":"et","potentialAction":[{"@type":"ReadAction","target":[["https:\/\/www.prodex.lv\/et\/katalogs\/"]]}]},{"@type":"BreadcrumbList","@id":"https:\/\/www.prodex.lv\/et\/katalogs\/#breadcrumb","itemListElement":[{"@type":"ListItem","position":1,"name":"Home","item":"https:\/\/www.prodex.lv\/et\/"},{"@type":"ListItem","position":2,"name":"Katalogs"}]},{"@type":"WebSite","@id":"https:\/\/www.prodex.lv\/et\/#website","url":"https:\/\/www.prodex.lv\/et\/","name":"Prodex","description":"","potentialAction":[{"@type":"SearchAction","target":{"@type":"EntryPoint","urlTemplate":"https:\/\/www.prodex.lv\/et\/?s={search_term_string}"},"query-input":{"@type":"PropertyValueSpecification","valueRequired":true,"valueName":"search_term_string"}}],"inLanguage":"et"}]}},"_links":{"self":[{"href":"https:\/\/www.prodex.lv\/et\/wp-json\/wp\/v2\/pages\/19","targetHints":{"allow":["GET"]}}],"collection":[{"href":"https:\/\/www.prodex.lv\/et\/wp-json\/wp\/v2\/pages"}],"about":[{"href":"https:\/\/www.prodex.lv\/et\/wp-json\/wp\/v2\/types\/page"}],"author":[{"embeddable":true,"href":"https:\/\/www.prodex.lv\/et\/wp-json\/wp\/v2\/users\/1"}],"replies":[{"embeddable":true,"href":"https:\/\/www.prodex.lv\/et\/wp-json\/wp\/v2\/comments?post=19"}],"version-history":[{"count":0,"href":"https:\/\/www.prodex.lv\/et\/wp-json\/wp\/v2\/pages\/19\/revisions"}],"wp:attachment":[{"href":"https:\/\/www.prodex.lv\/et\/wp-json\/wp\/v2\/media?parent=19"}],"curies":[{"name":"wp","href":"https:\/\/api.w.org\/{rel}","templated":true}]}}