{"id":15,"date":"2016-10-24T13:47:00","date_gmt":"2016-10-24T10:47:00","guid":{"rendered":"https:\/\/www.prodex.lv\/?page_id=15"},"modified":"2026-05-11T16:00:08","modified_gmt":"2026-05-11T13:00:08","slug":"ipasie-piedavajumi","status":"publish","type":"page","link":"https:\/\/www.prodex.lv\/et\/ipasie-piedavajumi\/","title":{"rendered":"\u012apa\u0161ie pied\u0101v\u0101jumi &#8211; apskat\u0101mi tikai darba dien\u0101s"},"content":{"rendered":"<div class=\"members-access-error\">Sorry, but you do not have permission to view this content.<\/div>\n","protected":false},"excerpt":{"rendered":"<div class=\"members-access-error\">Sorry, but you do not have permission to view this content.<\/div>\n","protected":false},"author":1,"featured_media":0,"parent":0,"menu_order":1,"comment_status":"closed","ping_status":"closed","template":"ipasie_piedavajumi.php","meta":{"_acf_changed":false,"footnotes":""},"class_list":["post-15","page","type-page","status-publish","hentry"],"acf":[],"yoast_head":"<!-- This site is optimized with the Yoast SEO plugin v26.8 - https:\/\/yoast.com\/product\/yoast-seo-wordpress\/ -->\n<title>\u012apa\u0161ie pied\u0101v\u0101jumi - durvju atlikumu izp\u0101rdo\u0161ana | PRODEX<\/title>\n<meta name=\"description\" content=\"Nepalaid gar\u0101m iesp\u0113ju ieg\u0101d\u0101ties durvis par \u012bpa\u0161aj\u0101m cen\u0101m! Prodex durvju atlikumu un kr\u0101jumu izp\u0101rdo\u0161ana.\" \/>\n<meta name=\"robots\" content=\"index, follow, max-snippet:-1, max-image-preview:large, max-video-preview:-1\" \/>\n<link rel=\"canonical\" href=\"https:\/\/www.prodex.lv\/et\/ipasie-piedavajumi\/\" \/>\n<meta property=\"og:locale\" content=\"et_EE\" \/>\n<meta property=\"og:type\" content=\"article\" \/>\n<meta property=\"og:title\" content=\"\u012apa\u0161ie pied\u0101v\u0101jumi - durvju atlikumu izp\u0101rdo\u0161ana | PRODEX\" \/>\n<meta property=\"og:description\" content=\"Atrodi sev piem\u0113rot\u0101k\u0101s durvis!\" \/>\n<meta property=\"og:url\" content=\"https:\/\/www.prodex.lv\/et\/ipasie-piedavajumi\/\" \/>\n<meta property=\"og:site_name\" content=\"Prodex\" \/>\n<meta property=\"article:modified_time\" content=\"2026-05-11T13:00:08+00:00\" \/>\n<meta name=\"twitter:card\" content=\"summary_large_image\" \/>\n<meta name=\"twitter:description\" content=\"%\" \/>\n<script type=\"application\/ld+json\" class=\"yoast-schema-graph\">{\"@context\":\"https:\/\/schema.org\",\"@graph\":[{\"@type\":\"WebPage\",\"@id\":\"https:\/\/www.prodex.lv\/et\/ipasie-piedavajumi\/\",\"url\":\"https:\/\/www.prodex.lv\/et\/ipasie-piedavajumi\/\",\"name\":\"\u012apa\u0161ie pied\u0101v\u0101jumi - durvju atlikumu izp\u0101rdo\u0161ana | PRODEX\",\"isPartOf\":{\"@id\":\"https:\/\/www.prodex.lv\/et\/#website\"},\"datePublished\":\"2016-10-24T10:47:00+00:00\",\"dateModified\":\"2026-05-11T13:00:08+00:00\",\"description\":\"Nepalaid gar\u0101m iesp\u0113ju ieg\u0101d\u0101ties durvis par \u012bpa\u0161aj\u0101m cen\u0101m! Prodex durvju atlikumu un kr\u0101jumu izp\u0101rdo\u0161ana.\",\"breadcrumb\":{\"@id\":\"https:\/\/www.prodex.lv\/et\/ipasie-piedavajumi\/#breadcrumb\"},\"inLanguage\":\"et\",\"potentialAction\":[{\"@type\":\"ReadAction\",\"target\":[[\"https:\/\/www.prodex.lv\/et\/ipasie-piedavajumi\/\"]]}]},{\"@type\":\"BreadcrumbList\",\"@id\":\"https:\/\/www.prodex.lv\/et\/ipasie-piedavajumi\/#breadcrumb\",\"itemListElement\":[{\"@type\":\"ListItem\",\"position\":1,\"name\":\"Home\",\"item\":\"https:\/\/www.prodex.lv\/et\/\"},{\"@type\":\"ListItem\",\"position\":2,\"name\":\"\u012apa\u0161ie pied\u0101v\u0101jumi &#8211; apskat\u0101mi tikai darba dien\u0101s\"}]},{\"@type\":\"WebSite\",\"@id\":\"https:\/\/www.prodex.lv\/et\/#website\",\"url\":\"https:\/\/www.prodex.lv\/et\/\",\"name\":\"Prodex\",\"description\":\"\",\"potentialAction\":[{\"@type\":\"SearchAction\",\"target\":{\"@type\":\"EntryPoint\",\"urlTemplate\":\"https:\/\/www.prodex.lv\/et\/?s={search_term_string}\"},\"query-input\":{\"@type\":\"PropertyValueSpecification\",\"valueRequired\":true,\"valueName\":\"search_term_string\"}}],\"inLanguage\":\"et\"}]}<\/script>\n<!-- \/ Yoast SEO plugin. -->","yoast_head_json":{"title":"\u012apa\u0161ie pied\u0101v\u0101jumi - durvju atlikumu izp\u0101rdo\u0161ana | PRODEX","description":"Nepalaid gar\u0101m iesp\u0113ju ieg\u0101d\u0101ties durvis par \u012bpa\u0161aj\u0101m cen\u0101m! Prodex durvju atlikumu un kr\u0101jumu izp\u0101rdo\u0161ana.","robots":{"index":"index","follow":"follow","max-snippet":"max-snippet:-1","max-image-preview":"max-image-preview:large","max-video-preview":"max-video-preview:-1"},"canonical":"https:\/\/www.prodex.lv\/et\/ipasie-piedavajumi\/","og_locale":"et_EE","og_type":"article","og_title":"\u012apa\u0161ie pied\u0101v\u0101jumi - durvju atlikumu izp\u0101rdo\u0161ana | PRODEX","og_description":"Atrodi sev piem\u0113rot\u0101k\u0101s durvis!","og_url":"https:\/\/www.prodex.lv\/et\/ipasie-piedavajumi\/","og_site_name":"Prodex","article_modified_time":"2026-05-11T13:00:08+00:00","twitter_card":"summary_large_image","twitter_description":"%","schema":{"@context":"https:\/\/schema.org","@graph":[{"@type":"WebPage","@id":"https:\/\/www.prodex.lv\/et\/ipasie-piedavajumi\/","url":"https:\/\/www.prodex.lv\/et\/ipasie-piedavajumi\/","name":"\u012apa\u0161ie pied\u0101v\u0101jumi - durvju atlikumu izp\u0101rdo\u0161ana | PRODEX","isPartOf":{"@id":"https:\/\/www.prodex.lv\/et\/#website"},"datePublished":"2016-10-24T10:47:00+00:00","dateModified":"2026-05-11T13:00:08+00:00","description":"Nepalaid gar\u0101m iesp\u0113ju ieg\u0101d\u0101ties durvis par \u012bpa\u0161aj\u0101m cen\u0101m! Prodex durvju atlikumu un kr\u0101jumu izp\u0101rdo\u0161ana.","breadcrumb":{"@id":"https:\/\/www.prodex.lv\/et\/ipasie-piedavajumi\/#breadcrumb"},"inLanguage":"et","potentialAction":[{"@type":"ReadAction","target":[["https:\/\/www.prodex.lv\/et\/ipasie-piedavajumi\/"]]}]},{"@type":"BreadcrumbList","@id":"https:\/\/www.prodex.lv\/et\/ipasie-piedavajumi\/#breadcrumb","itemListElement":[{"@type":"ListItem","position":1,"name":"Home","item":"https:\/\/www.prodex.lv\/et\/"},{"@type":"ListItem","position":2,"name":"\u012apa\u0161ie pied\u0101v\u0101jumi &#8211; apskat\u0101mi tikai darba dien\u0101s"}]},{"@type":"WebSite","@id":"https:\/\/www.prodex.lv\/et\/#website","url":"https:\/\/www.prodex.lv\/et\/","name":"Prodex","description":"","potentialAction":[{"@type":"SearchAction","target":{"@type":"EntryPoint","urlTemplate":"https:\/\/www.prodex.lv\/et\/?s={search_term_string}"},"query-input":{"@type":"PropertyValueSpecification","valueRequired":true,"valueName":"search_term_string"}}],"inLanguage":"et"}]}},"_links":{"self":[{"href":"https:\/\/www.prodex.lv\/et\/wp-json\/wp\/v2\/pages\/15","targetHints":{"allow":["GET"]}}],"collection":[{"href":"https:\/\/www.prodex.lv\/et\/wp-json\/wp\/v2\/pages"}],"about":[{"href":"https:\/\/www.prodex.lv\/et\/wp-json\/wp\/v2\/types\/page"}],"author":[{"embeddable":true,"href":"https:\/\/www.prodex.lv\/et\/wp-json\/wp\/v2\/users\/1"}],"replies":[{"embeddable":true,"href":"https:\/\/www.prodex.lv\/et\/wp-json\/wp\/v2\/comments?post=15"}],"version-history":[{"count":2,"href":"https:\/\/www.prodex.lv\/et\/wp-json\/wp\/v2\/pages\/15\/revisions"}],"predecessor-version":[{"id":14314,"href":"https:\/\/www.prodex.lv\/et\/wp-json\/wp\/v2\/pages\/15\/revisions\/14314"}],"wp:attachment":[{"href":"https:\/\/www.prodex.lv\/et\/wp-json\/wp\/v2\/media?parent=15"}],"curies":[{"name":"wp","href":"https:\/\/api.w.org\/{rel}","templated":true}]}}