{"id":17,"date":"2016-10-24T13:47:32","date_gmt":"2016-10-24T10:47:32","guid":{"rendered":"https:\/\/www.prodex.lv\/?page_id=17"},"modified":"2026-04-28T19:41:51","modified_gmt":"2026-04-28T16:41:51","slug":"realizetie-projekti","status":"publish","type":"page","link":"https:\/\/www.prodex.lv\/en\/realizetie-projekti\/","title":{"rendered":"Finished projects"},"content":{"rendered":"<p>A professional partnership with construction companies in the region made it possible for PRODEX to participate in implementation of various projects, delivering and installing the doors, as well as providing warranty and post-warranty service.<\/p>","protected":false},"excerpt":{"rendered":"<p>A professional partnership with construction companies in the region made it possible for PRODEX to participate in implementation of various projects, delivering and installing the doors, as well as providing warranty and post-warranty service.<\/p>\n","protected":false},"author":1,"featured_media":0,"parent":0,"menu_order":10,"comment_status":"closed","ping_status":"closed","template":"realizetie-projekti.php","meta":{"_acf_changed":false,"footnotes":""},"class_list":["post-17","page","type-page","status-publish","hentry"],"acf":[],"yoast_head":"<!-- This site is optimized with the Yoast SEO plugin v26.8 - https:\/\/yoast.com\/product\/yoast-seo-wordpress\/ -->\n<title>Finished projects - Prodex<\/title>\n<meta name=\"description\" content=\"PRODEX dal\u012bba da\u017e\u0101du projektu realiz\u0101cij\u0101, pieg\u0101d\u0101jot un uzst\u0101dot durvis, k\u0101 ar\u012b nodro\u0161inot garantijas un p\u0113c garantijas laika servisu.\" \/>\n<meta name=\"robots\" content=\"index, follow, max-snippet:-1, max-image-preview:large, max-video-preview:-1\" \/>\n<link rel=\"canonical\" href=\"https:\/\/www.prodex.lv\/en\/realizetie-projekti\/\" \/>\n<meta property=\"og:locale\" content=\"en_US\" \/>\n<meta property=\"og:type\" content=\"article\" \/>\n<meta property=\"og:title\" content=\"Finished projects - Prodex\" \/>\n<meta property=\"og:description\" content=\"PRODEX dal\u012bba da\u017e\u0101du projektu realiz\u0101cij\u0101, pieg\u0101d\u0101jot un uzst\u0101dot durvis, k\u0101 ar\u012b nodro\u0161inot garantijas un p\u0113c garantijas laika servisu.\" \/>\n<meta property=\"og:url\" content=\"https:\/\/www.prodex.lv\/en\/realizetie-projekti\/\" \/>\n<meta property=\"og:site_name\" content=\"Prodex\" \/>\n<meta property=\"article:modified_time\" content=\"2026-04-28T16:41:51+00:00\" \/>\n<meta name=\"twitter:card\" content=\"summary_large_image\" \/>\n<meta name=\"twitter:label1\" content=\"Est. reading time\" \/>\n\t<meta name=\"twitter:data1\" content=\"1 minute\" \/>\n<script type=\"application\/ld+json\" class=\"yoast-schema-graph\">{\"@context\":\"https:\/\/schema.org\",\"@graph\":[{\"@type\":\"WebPage\",\"@id\":\"https:\/\/www.prodex.lv\/en\/realizetie-projekti\/\",\"url\":\"https:\/\/www.prodex.lv\/en\/realizetie-projekti\/\",\"name\":\"Finished projects - Prodex\",\"isPartOf\":{\"@id\":\"https:\/\/www.prodex.lv\/en\/#website\"},\"datePublished\":\"2016-10-24T10:47:32+00:00\",\"dateModified\":\"2026-04-28T16:41:51+00:00\",\"description\":\"PRODEX dal\u012bba da\u017e\u0101du projektu realiz\u0101cij\u0101, pieg\u0101d\u0101jot un uzst\u0101dot durvis, k\u0101 ar\u012b nodro\u0161inot garantijas un p\u0113c garantijas laika servisu.\",\"breadcrumb\":{\"@id\":\"https:\/\/www.prodex.lv\/en\/realizetie-projekti\/#breadcrumb\"},\"inLanguage\":\"en-US\",\"potentialAction\":[{\"@type\":\"ReadAction\",\"target\":[[\"https:\/\/www.prodex.lv\/en\/realizetie-projekti\/\"]]}]},{\"@type\":\"BreadcrumbList\",\"@id\":\"https:\/\/www.prodex.lv\/en\/realizetie-projekti\/#breadcrumb\",\"itemListElement\":[{\"@type\":\"ListItem\",\"position\":1,\"name\":\"Home\",\"item\":\"https:\/\/www.prodex.lv\/en\/\"},{\"@type\":\"ListItem\",\"position\":2,\"name\":\"Realiz\u0113tie projekti\"}]},{\"@type\":\"WebSite\",\"@id\":\"https:\/\/www.prodex.lv\/en\/#website\",\"url\":\"https:\/\/www.prodex.lv\/en\/\",\"name\":\"Prodex\",\"description\":\"\",\"potentialAction\":[{\"@type\":\"SearchAction\",\"target\":{\"@type\":\"EntryPoint\",\"urlTemplate\":\"https:\/\/www.prodex.lv\/en\/?s={search_term_string}\"},\"query-input\":{\"@type\":\"PropertyValueSpecification\",\"valueRequired\":true,\"valueName\":\"search_term_string\"}}],\"inLanguage\":\"en-US\"}]}<\/script>\n<!-- \/ Yoast SEO plugin. -->","yoast_head_json":{"title":"Finished projects - Prodex","description":"PRODEX dal\u012bba da\u017e\u0101du projektu realiz\u0101cij\u0101, pieg\u0101d\u0101jot un uzst\u0101dot durvis, k\u0101 ar\u012b nodro\u0161inot garantijas un p\u0113c garantijas laika servisu.","robots":{"index":"index","follow":"follow","max-snippet":"max-snippet:-1","max-image-preview":"max-image-preview:large","max-video-preview":"max-video-preview:-1"},"canonical":"https:\/\/www.prodex.lv\/en\/realizetie-projekti\/","og_locale":"en_US","og_type":"article","og_title":"Finished projects - Prodex","og_description":"PRODEX dal\u012bba da\u017e\u0101du projektu realiz\u0101cij\u0101, pieg\u0101d\u0101jot un uzst\u0101dot durvis, k\u0101 ar\u012b nodro\u0161inot garantijas un p\u0113c garantijas laika servisu.","og_url":"https:\/\/www.prodex.lv\/en\/realizetie-projekti\/","og_site_name":"Prodex","article_modified_time":"2026-04-28T16:41:51+00:00","twitter_card":"summary_large_image","twitter_misc":{"Est. reading time":"1 minute"},"schema":{"@context":"https:\/\/schema.org","@graph":[{"@type":"WebPage","@id":"https:\/\/www.prodex.lv\/en\/realizetie-projekti\/","url":"https:\/\/www.prodex.lv\/en\/realizetie-projekti\/","name":"Finished projects - Prodex","isPartOf":{"@id":"https:\/\/www.prodex.lv\/en\/#website"},"datePublished":"2016-10-24T10:47:32+00:00","dateModified":"2026-04-28T16:41:51+00:00","description":"PRODEX dal\u012bba da\u017e\u0101du projektu realiz\u0101cij\u0101, pieg\u0101d\u0101jot un uzst\u0101dot durvis, k\u0101 ar\u012b nodro\u0161inot garantijas un p\u0113c garantijas laika servisu.","breadcrumb":{"@id":"https:\/\/www.prodex.lv\/en\/realizetie-projekti\/#breadcrumb"},"inLanguage":"en-US","potentialAction":[{"@type":"ReadAction","target":[["https:\/\/www.prodex.lv\/en\/realizetie-projekti\/"]]}]},{"@type":"BreadcrumbList","@id":"https:\/\/www.prodex.lv\/en\/realizetie-projekti\/#breadcrumb","itemListElement":[{"@type":"ListItem","position":1,"name":"Home","item":"https:\/\/www.prodex.lv\/en\/"},{"@type":"ListItem","position":2,"name":"Realiz\u0113tie projekti"}]},{"@type":"WebSite","@id":"https:\/\/www.prodex.lv\/en\/#website","url":"https:\/\/www.prodex.lv\/en\/","name":"Prodex","description":"","potentialAction":[{"@type":"SearchAction","target":{"@type":"EntryPoint","urlTemplate":"https:\/\/www.prodex.lv\/en\/?s={search_term_string}"},"query-input":{"@type":"PropertyValueSpecification","valueRequired":true,"valueName":"search_term_string"}}],"inLanguage":"en-US"}]}},"_links":{"self":[{"href":"https:\/\/www.prodex.lv\/en\/wp-json\/wp\/v2\/pages\/17","targetHints":{"allow":["GET"]}}],"collection":[{"href":"https:\/\/www.prodex.lv\/en\/wp-json\/wp\/v2\/pages"}],"about":[{"href":"https:\/\/www.prodex.lv\/en\/wp-json\/wp\/v2\/types\/page"}],"author":[{"embeddable":true,"href":"https:\/\/www.prodex.lv\/en\/wp-json\/wp\/v2\/users\/1"}],"replies":[{"embeddable":true,"href":"https:\/\/www.prodex.lv\/en\/wp-json\/wp\/v2\/comments?post=17"}],"version-history":[{"count":1,"href":"https:\/\/www.prodex.lv\/en\/wp-json\/wp\/v2\/pages\/17\/revisions"}],"predecessor-version":[{"id":14213,"href":"https:\/\/www.prodex.lv\/en\/wp-json\/wp\/v2\/pages\/17\/revisions\/14213"}],"wp:attachment":[{"href":"https:\/\/www.prodex.lv\/en\/wp-json\/wp\/v2\/media?parent=17"}],"curies":[{"name":"wp","href":"https:\/\/api.w.org\/{rel}","templated":true}]}}